{"id":66,"date":"2019-08-08T22:13:41","date_gmt":"2019-08-09T01:13:41","guid":{"rendered":"http:\/\/www.bruno-sa.com\/wordpress\/?page_id=66"},"modified":"2021-03-19T11:40:29","modified_gmt":"2021-03-19T14:40:29","slug":"design","status":"publish","type":"page","link":"https:\/\/www.bruno-sa.com\/wordpress\/design\/","title":{"rendered":"design"},"content":{"rendered":"\n<p>Trabalhei em algumas agencias de design e publicidade.<\/p>\n\n\n\n<p>Sou especializado em sinaliza\u00e7\u00e3o em todas as fases, desde o projeto, passando pela execu\u00e7\u00e3o e acompanhamento da produ\u00e7\u00e3o.<\/p>\n\n\n<div id=\"upl-list-149\" class=\"upl-list\">\n<nav role=\"navigation\" aria-label=\"Post List\">\n<ul>\n<li><div class=\"upl-post-thumbnail\"><a href=\"https:\/\/www.bruno-sa.com\/wordpress\/2019\/05\/01\/website-cinecasal-com-br\/\"><img loading=\"lazy\" decoding=\"async\" width=\"150\" height=\"150\" src=\"https:\/\/www.bruno-sa.com\/wordpress\/wp-content\/uploads\/2019\/10\/wwwcinecasalcombr-150x150.png\" class=\"attachment-thumbnail size-thumbnail wp-post-image\" alt=\"\" \/><\/a><\/div><div class=\"upl-post-title\"><a href=\"https:\/\/www.bruno-sa.com\/wordpress\/2019\/05\/01\/website-cinecasal-com-br\/\">Website cinecasal.com.br<\/a><\/div><\/li>\n<li><div class=\"upl-post-thumbnail\"><a href=\"https:\/\/www.bruno-sa.com\/wordpress\/2017\/12\/01\/website-grupoestacao-com-br\/\"><img loading=\"lazy\" decoding=\"async\" width=\"150\" height=\"150\" src=\"https:\/\/www.bruno-sa.com\/wordpress\/wp-content\/uploads\/2019\/10\/wwwgrupoestacaocombr-150x150.png\" class=\"attachment-thumbnail size-thumbnail wp-post-image\" alt=\"\" \/><\/a><\/div><div class=\"upl-post-title\"><a href=\"https:\/\/www.bruno-sa.com\/wordpress\/2017\/12\/01\/website-grupoestacao-com-br\/\">Website grupoestacao.com.br<\/a><\/div><\/li>\n<li><div class=\"upl-post-thumbnail\"><a href=\"https:\/\/www.bruno-sa.com\/wordpress\/2008\/05\/29\/as-muitas-vidas-de-robert-altman\/\"><img loading=\"lazy\" decoding=\"async\" width=\"150\" height=\"150\" src=\"https:\/\/www.bruno-sa.com\/wordpress\/wp-content\/uploads\/2021\/03\/altman-150x150.jpg\" class=\"attachment-thumbnail size-thumbnail wp-post-image\" alt=\"\" \/><\/a><\/div><div class=\"upl-post-title\"><a href=\"https:\/\/www.bruno-sa.com\/wordpress\/2008\/05\/29\/as-muitas-vidas-de-robert-altman\/\">Identidade visual: As Muitas Vidas de Robert Altman<\/a><\/div><\/li>\n<li><div class=\"upl-post-thumbnail\"><a href=\"https:\/\/www.bruno-sa.com\/wordpress\/2007\/12\/26\/letreiro-fachada-shopping-da-gavea\/\"><img loading=\"lazy\" decoding=\"async\" width=\"150\" height=\"150\" src=\"https:\/\/www.bruno-sa.com\/wordpress\/wp-content\/uploads\/2019\/09\/gavfachada01-150x150.jpg\" class=\"attachment-thumbnail size-thumbnail wp-post-image\" alt=\"\" \/><\/a><\/div><div class=\"upl-post-title\"><a href=\"https:\/\/www.bruno-sa.com\/wordpress\/2007\/12\/26\/letreiro-fachada-shopping-da-gavea\/\">Letreiro fachada Shopping da G\u00e1vea<\/a><\/div><\/li>\n<li><div class=\"upl-post-thumbnail\"><a href=\"https:\/\/www.bruno-sa.com\/wordpress\/2006\/09\/15\/sinalizacao-estacao-laura-alvim\/\"><img loading=\"lazy\" decoding=\"async\" width=\"150\" height=\"150\" src=\"https:\/\/www.bruno-sa.com\/wordpress\/wp-content\/uploads\/2019\/09\/laura30052009_011-150x150.jpg\" class=\"attachment-thumbnail size-thumbnail wp-post-image\" alt=\"\" \/><\/a><\/div><div class=\"upl-post-title\"><a href=\"https:\/\/www.bruno-sa.com\/wordpress\/2006\/09\/15\/sinalizacao-estacao-laura-alvim\/\">Sinaliza\u00e7\u00e3o Esta\u00e7\u00e3o Laura Alvim<\/a><\/div><\/li>\n<li><div class=\"upl-post-thumbnail\"><a href=\"https:\/\/www.bruno-sa.com\/wordpress\/2006\/09\/15\/letreiro-fachada-casa-de-cultura-laura-alvim\/\"><img loading=\"lazy\" decoding=\"async\" width=\"150\" height=\"150\" src=\"https:\/\/www.bruno-sa.com\/wordpress\/wp-content\/uploads\/2019\/09\/laura30052009_003-150x150.jpg\" class=\"attachment-thumbnail size-thumbnail wp-post-image\" alt=\"\" \/><\/a><\/div><div class=\"upl-post-title\"><a href=\"https:\/\/www.bruno-sa.com\/wordpress\/2006\/09\/15\/letreiro-fachada-casa-de-cultura-laura-alvim\/\">Letreiro fachada Casa De Cultura Laura Alvim<\/a><\/div><\/li>\n<li><div class=\"upl-post-thumbnail\"><a href=\"https:\/\/www.bruno-sa.com\/wordpress\/2006\/03\/25\/cartazes-de-filmes\/\"><img loading=\"lazy\" decoding=\"async\" width=\"150\" height=\"150\" src=\"https:\/\/www.bruno-sa.com\/wordpress\/wp-content\/uploads\/2019\/09\/11desetembro_cartaz-150x150.jpg\" class=\"attachment-thumbnail size-thumbnail wp-post-image\" alt=\"\" srcset=\"https:\/\/www.bruno-sa.com\/wordpress\/wp-content\/uploads\/2019\/09\/11desetembro_cartaz-150x150.jpg 150w, https:\/\/www.bruno-sa.com\/wordpress\/wp-content\/uploads\/2019\/09\/11desetembro_cartaz-300x300.jpg 300w, https:\/\/www.bruno-sa.com\/wordpress\/wp-content\/uploads\/2019\/09\/11desetembro_cartaz.jpg 320w\" sizes=\"auto, (max-width: 150px) 85vw, 150px\" \/><\/a><\/div><div class=\"upl-post-title\"><a href=\"https:\/\/www.bruno-sa.com\/wordpress\/2006\/03\/25\/cartazes-de-filmes\/\">Cartazes de Filmes<\/a><\/div><\/li>\n<li><div class=\"upl-post-thumbnail\"><a href=\"https:\/\/www.bruno-sa.com\/wordpress\/2004\/08\/07\/letreiro-estacao-barrapoint\/\"><img loading=\"lazy\" decoding=\"async\" width=\"150\" height=\"150\" src=\"https:\/\/www.bruno-sa.com\/wordpress\/wp-content\/uploads\/2019\/09\/CIMG0015-150x150.jpg\" class=\"attachment-thumbnail size-thumbnail wp-post-image\" alt=\"\" \/><\/a><\/div><div class=\"upl-post-title\"><a href=\"https:\/\/www.bruno-sa.com\/wordpress\/2004\/08\/07\/letreiro-estacao-barrapoint\/\">Letreiro Esta\u00e7\u00e3o BarraPoint<\/a><\/div><\/li>\n<li><div class=\"upl-post-thumbnail\"><a href=\"https:\/\/www.bruno-sa.com\/wordpress\/2000\/09\/27\/catalogo-festival-do-rio-2\/\"><img loading=\"lazy\" decoding=\"async\" width=\"150\" height=\"150\" src=\"https:\/\/www.bruno-sa.com\/wordpress\/wp-content\/uploads\/2019\/09\/catalogofestivaldorio-150x150.png\" class=\"attachment-thumbnail size-thumbnail wp-post-image\" alt=\"\" \/><\/a><\/div><div class=\"upl-post-title\"><a href=\"https:\/\/www.bruno-sa.com\/wordpress\/2000\/09\/27\/catalogo-festival-do-rio-2\/\">Cat\u00e1logo Festival do Rio<\/a><\/div><\/li>\n<\/ul>\n<\/nav>\n<\/div>\n\n","protected":false},"excerpt":{"rendered":"<p>Trabalhei em algumas agencias de design e publicidade. Sou especializado em sinaliza\u00e7\u00e3o em todas as fases, desde o projeto, passando pela execu\u00e7\u00e3o e acompanhamento da produ\u00e7\u00e3o.<\/p>\n","protected":false},"author":1,"featured_media":0,"parent":0,"menu_order":0,"comment_status":"closed","ping_status":"closed","template":"","meta":{"footnotes":""},"class_list":["post-66","page","type-page","status-publish","hentry"],"_links":{"self":[{"href":"https:\/\/www.bruno-sa.com\/wordpress\/wp-json\/wp\/v2\/pages\/66","targetHints":{"allow":["GET"]}}],"collection":[{"href":"https:\/\/www.bruno-sa.com\/wordpress\/wp-json\/wp\/v2\/pages"}],"about":[{"href":"https:\/\/www.bruno-sa.com\/wordpress\/wp-json\/wp\/v2\/types\/page"}],"author":[{"embeddable":true,"href":"https:\/\/www.bruno-sa.com\/wordpress\/wp-json\/wp\/v2\/users\/1"}],"replies":[{"embeddable":true,"href":"https:\/\/www.bruno-sa.com\/wordpress\/wp-json\/wp\/v2\/comments?post=66"}],"version-history":[{"count":11,"href":"https:\/\/www.bruno-sa.com\/wordpress\/wp-json\/wp\/v2\/pages\/66\/revisions"}],"predecessor-version":[{"id":419,"href":"https:\/\/www.bruno-sa.com\/wordpress\/wp-json\/wp\/v2\/pages\/66\/revisions\/419"}],"wp:attachment":[{"href":"https:\/\/www.bruno-sa.com\/wordpress\/wp-json\/wp\/v2\/media?parent=66"}],"curies":[{"name":"wp","href":"https:\/\/api.w.org\/{rel}","templated":true}]}}