{"id":70,"date":"2019-08-08T22:14:03","date_gmt":"2019-08-09T01:14:03","guid":{"rendered":"http:\/\/www.bruno-sa.com\/wordpress\/?page_id=70"},"modified":"2019-10-01T08:26:35","modified_gmt":"2019-10-01T11:26:35","slug":"ti-db-sistemas","status":"publish","type":"page","link":"https:\/\/www.bruno-sa.com\/wordpress\/ti-db-sistemas\/","title":{"rendered":"TI \/ DB \/ sistemas"},"content":{"rendered":"\n<p>Com 11 anos de experi\u00eancia na \u00e1rea. Planejamento de redes de dados e telefonia, cria\u00e7\u00e3o de rotinas de backup, acesso e comunica\u00e7\u00e3o remota.<\/p>\n\n\n<div id=\"upl-list-152\" class=\"upl-list\">\n<nav role=\"navigation\" aria-label=\"Post List\">\n<ul>\n<li><div class=\"upl-post-thumbnail\"><a href=\"https:\/\/www.bruno-sa.com\/wordpress\/2020\/11\/11\/e-commerce-joanatoledoceramica-com-br\/\"><img loading=\"lazy\" decoding=\"async\" width=\"150\" height=\"150\" src=\"https:\/\/www.bruno-sa.com\/wordpress\/wp-content\/uploads\/2020\/11\/joanatoledoceramica-150x150.jpg\" class=\"attachment-thumbnail size-thumbnail wp-post-image\" alt=\"\" \/><\/a><\/div><div class=\"upl-post-title\"><a href=\"https:\/\/www.bruno-sa.com\/wordpress\/2020\/11\/11\/e-commerce-joanatoledoceramica-com-br\/\">e-commerce joanatoledoceramica.com.br<\/a><\/div><\/li>\n<li><div class=\"upl-post-thumbnail\"><a href=\"https:\/\/www.bruno-sa.com\/wordpress\/2020\/10\/30\/taskscheduler-arduino\/\"><img loading=\"lazy\" decoding=\"async\" width=\"150\" height=\"150\" src=\"https:\/\/www.bruno-sa.com\/wordpress\/wp-content\/uploads\/2020\/10\/taskscheduler_01-150x150.png\" class=\"attachment-thumbnail size-thumbnail wp-post-image\" alt=\"\" \/><\/a><\/div><div class=\"upl-post-title\"><a href=\"https:\/\/www.bruno-sa.com\/wordpress\/2020\/10\/30\/taskscheduler-arduino\/\">TaskScheduler Arduino<\/a><\/div><\/li>\n<li><div class=\"upl-post-thumbnail\"><a href=\"https:\/\/www.bruno-sa.com\/wordpress\/2020\/10\/30\/ipconfig-arduino\/\"><img loading=\"lazy\" decoding=\"async\" width=\"150\" height=\"150\" src=\"https:\/\/www.bruno-sa.com\/wordpress\/wp-content\/uploads\/2020\/10\/ipconfig_01-150x150.png\" class=\"attachment-thumbnail size-thumbnail wp-post-image\" alt=\"\" \/><\/a><\/div><div class=\"upl-post-title\"><a href=\"https:\/\/www.bruno-sa.com\/wordpress\/2020\/10\/30\/ipconfig-arduino\/\">IPconfig Arduino<\/a><\/div><\/li>\n<li><div class=\"upl-post-thumbnail\"><a href=\"https:\/\/www.bruno-sa.com\/wordpress\/2019\/05\/01\/website-cinecasal-com-br\/\"><img loading=\"lazy\" decoding=\"async\" width=\"150\" height=\"150\" src=\"https:\/\/www.bruno-sa.com\/wordpress\/wp-content\/uploads\/2019\/10\/wwwcinecasalcombr-150x150.png\" class=\"attachment-thumbnail size-thumbnail wp-post-image\" alt=\"\" \/><\/a><\/div><div class=\"upl-post-title\"><a href=\"https:\/\/www.bruno-sa.com\/wordpress\/2019\/05\/01\/website-cinecasal-com-br\/\">Website cinecasal.com.br<\/a><\/div><\/li>\n<li><div class=\"upl-post-thumbnail\"><a href=\"https:\/\/www.bruno-sa.com\/wordpress\/2017\/12\/01\/website-grupoestacao-com-br\/\"><img loading=\"lazy\" decoding=\"async\" width=\"150\" height=\"150\" src=\"https:\/\/www.bruno-sa.com\/wordpress\/wp-content\/uploads\/2019\/10\/wwwgrupoestacaocombr-150x150.png\" class=\"attachment-thumbnail size-thumbnail wp-post-image\" alt=\"\" \/><\/a><\/div><div class=\"upl-post-title\"><a href=\"https:\/\/www.bruno-sa.com\/wordpress\/2017\/12\/01\/website-grupoestacao-com-br\/\">Website grupoestacao.com.br<\/a><\/div><\/li>\n<li><div class=\"upl-post-thumbnail\"><a href=\"https:\/\/www.bruno-sa.com\/wordpress\/2017\/08\/12\/folha-de-ponto\/\"><img loading=\"lazy\" decoding=\"async\" width=\"150\" height=\"150\" src=\"https:\/\/www.bruno-sa.com\/wordpress\/wp-content\/uploads\/2017\/08\/folhaponto-150x150.png\" class=\"attachment-thumbnail size-thumbnail wp-post-image\" alt=\"\" \/><\/a><\/div><div class=\"upl-post-title\"><a href=\"https:\/\/www.bruno-sa.com\/wordpress\/2017\/08\/12\/folha-de-ponto\/\">Folha de Ponto<\/a><\/div><\/li>\n<li><div class=\"upl-post-thumbnail\"><a href=\"https:\/\/www.bruno-sa.com\/wordpress\/2015\/09\/29\/checagem-previa-de-kdm\/\"><img loading=\"lazy\" decoding=\"async\" width=\"150\" height=\"150\" src=\"https:\/\/www.bruno-sa.com\/wordpress\/wp-content\/uploads\/2015\/09\/kdm-150x150.png\" class=\"attachment-thumbnail size-thumbnail wp-post-image\" alt=\"\" \/><\/a><\/div><div class=\"upl-post-title\"><a href=\"https:\/\/www.bruno-sa.com\/wordpress\/2015\/09\/29\/checagem-previa-de-kdm\/\">Checagem pr\u00e9via de KDM<\/a><\/div><\/li>\n<li><div class=\"upl-post-thumbnail\"><a href=\"https:\/\/www.bruno-sa.com\/wordpress\/2015\/06\/14\/rede-de-logica-estacao-net-rio\/\"><img loading=\"lazy\" decoding=\"async\" width=\"150\" height=\"150\" src=\"https:\/\/www.bruno-sa.com\/wordpress\/wp-content\/uploads\/2015\/06\/redeestacaorio-150x150.jpeg\" class=\"attachment-thumbnail size-thumbnail wp-post-image\" alt=\"\" \/><\/a><\/div><div class=\"upl-post-title\"><a href=\"https:\/\/www.bruno-sa.com\/wordpress\/2015\/06\/14\/rede-de-logica-estacao-net-rio\/\">Rede de l\u00f3gica Esta\u00e7\u00e3o NET Rio<\/a><\/div><\/li>\n<li><div class=\"upl-post-thumbnail\"><a href=\"https:\/\/www.bruno-sa.com\/wordpress\/2011\/09\/26\/sistema-de-chamados\/\"><img loading=\"lazy\" decoding=\"async\" width=\"150\" height=\"150\" src=\"https:\/\/www.bruno-sa.com\/wordpress\/wp-content\/uploads\/2011\/09\/manutencao-150x150.png\" class=\"attachment-thumbnail size-thumbnail wp-post-image\" alt=\"\" \/><\/a><\/div><div class=\"upl-post-title\"><a href=\"https:\/\/www.bruno-sa.com\/wordpress\/2011\/09\/26\/sistema-de-chamados\/\">Sistema de Chamados<\/a><\/div><\/li>\n<li><div class=\"upl-post-thumbnail\"><a href=\"https:\/\/www.bruno-sa.com\/wordpress\/2011\/08\/20\/baseplayer\/\"><img loading=\"lazy\" decoding=\"async\" width=\"150\" height=\"150\" src=\"https:\/\/www.bruno-sa.com\/wordpress\/wp-content\/uploads\/2011\/08\/baseplayer-150x150.jpeg\" class=\"attachment-thumbnail size-thumbnail wp-post-image\" alt=\"\" \/><\/a><\/div><div class=\"upl-post-title\"><a href=\"https:\/\/www.bruno-sa.com\/wordpress\/2011\/08\/20\/baseplayer\/\">BasePlayer (antigo Info3 Cinema Player)<\/a><\/div><\/li>\n<\/ul>\n<\/nav>\n<\/div>\n\n","protected":false},"excerpt":{"rendered":"<p>Com 11 anos de experi\u00eancia na \u00e1rea. Planejamento de redes de dados e telefonia, cria\u00e7\u00e3o de rotinas de backup, acesso e comunica\u00e7\u00e3o remota.<\/p>\n","protected":false},"author":1,"featured_media":0,"parent":0,"menu_order":0,"comment_status":"closed","ping_status":"closed","template":"","meta":{"footnotes":""},"class_list":["post-70","page","type-page","status-publish","hentry"],"_links":{"self":[{"href":"https:\/\/www.bruno-sa.com\/wordpress\/wp-json\/wp\/v2\/pages\/70","targetHints":{"allow":["GET"]}}],"collection":[{"href":"https:\/\/www.bruno-sa.com\/wordpress\/wp-json\/wp\/v2\/pages"}],"about":[{"href":"https:\/\/www.bruno-sa.com\/wordpress\/wp-json\/wp\/v2\/types\/page"}],"author":[{"embeddable":true,"href":"https:\/\/www.bruno-sa.com\/wordpress\/wp-json\/wp\/v2\/users\/1"}],"replies":[{"embeddable":true,"href":"https:\/\/www.bruno-sa.com\/wordpress\/wp-json\/wp\/v2\/comments?post=70"}],"version-history":[{"count":9,"href":"https:\/\/www.bruno-sa.com\/wordpress\/wp-json\/wp\/v2\/pages\/70\/revisions"}],"predecessor-version":[{"id":304,"href":"https:\/\/www.bruno-sa.com\/wordpress\/wp-json\/wp\/v2\/pages\/70\/revisions\/304"}],"wp:attachment":[{"href":"https:\/\/www.bruno-sa.com\/wordpress\/wp-json\/wp\/v2\/media?parent=70"}],"curies":[{"name":"wp","href":"https:\/\/api.w.org\/{rel}","templated":true}]}}