{"id":78,"date":"2019-08-08T22:26:17","date_gmt":"2019-08-09T01:26:17","guid":{"rendered":"http:\/\/www.bruno-sa.com\/wordpress\/?page_id=78"},"modified":"2021-04-07T08:01:48","modified_gmt":"2021-04-07T11:01:48","slug":"curriculo","status":"publish","type":"page","link":"https:\/\/www.bruno-sa.com\/wordpress\/curriculo\/","title":{"rendered":"curr\u00edculo"},"content":{"rendered":"\n<p>Gerente de Projetos, CSPO\u00ae, Gest\u00e3o, Opera\u00e7\u00f5es, Design, Audiovisual, TI<\/p>\n\n\n\n<p>Tenho mais de 20 anos trabalhando em cinema e Design. Nos \u00faltimos 14 anos, trabalhei com gest\u00e3o, projetos e opera\u00e7\u00f5es. Comecei na proje\u00e7\u00e3o em 2011.<\/p>\n\n\n\n<p>Graduado em Desenho Industrial &#8211; Programa\u00e7\u00e3o Visual pela EBA-UFRJ em 2002, fiz p\u00f3s-gradua\u00e7\u00e3o em Comunica\u00e7\u00e3o e Imagem na PUC-RJ 2004.<\/p>\n\n\n\n<p>Atualmente estou cursando p\u00f3s-gradua\u00e7\u00e3o em Gerenciamento de Projetos no SENAC.<\/p>\n\n\n\n<p>Certifica\u00e7\u00e3o Scrum Product Owner (CSPO\u00ae) em mar\u00e7o\/2021.<\/p>\n\n\n\n<p>Fiz cursos e especializa\u00e7\u00f5es em alguns dos principais fornecedores de equipamentos do pa\u00eds como Barco (n\u00edvel 1 e 2 SmartLaser), Doremi, NEC, GDC, AAM.<\/p>\n\n\n\n<p>Veja meu curr\u00edculo completo abaixo.<\/p>\n\n\n\n<script type=\"text\/javascript\" src=\"https:\/\/platform.linkedin.com\/badges\/js\/profile.js\" async=\"\" defer=\"\"><\/script>\n\n\n\n<div class=\"LI-profile-badge\" data-version=\"v1\" data-size=\"large\" data-locale=\"pt_BR\" data-type=\"horizontal\" data-theme=\"light\" data-vanity=\"bruno-sa-com\"><a class=\"LI-simple-link\" href=\"https:\/\/br.linkedin.com\/in\/bruno-sa-com?trk=profile-badge\">Bruno Sa<\/a><\/div>\n","protected":false},"excerpt":{"rendered":"<p>Gerente de Projetos, CSPO\u00ae, Gest\u00e3o, Opera\u00e7\u00f5es, Design, Audiovisual, TI Tenho mais de 20 anos trabalhando em cinema e Design. Nos \u00faltimos 14 anos, trabalhei com gest\u00e3o, projetos e opera\u00e7\u00f5es. Comecei na proje\u00e7\u00e3o em 2011. Graduado em Desenho Industrial &#8211; Programa\u00e7\u00e3o Visual pela EBA-UFRJ em 2002, fiz p\u00f3s-gradua\u00e7\u00e3o em Comunica\u00e7\u00e3o e Imagem na PUC-RJ 2004. Atualmente &hellip; <a href=\"https:\/\/www.bruno-sa.com\/wordpress\/curriculo\/\" class=\"more-link\">Continue lendo<span class=\"screen-reader-text\"> &#8220;curr\u00edculo&#8221;<\/span><\/a><\/p>\n","protected":false},"author":1,"featured_media":0,"parent":0,"menu_order":0,"comment_status":"closed","ping_status":"closed","template":"","meta":{"footnotes":""},"class_list":["post-78","page","type-page","status-publish","hentry"],"_links":{"self":[{"href":"https:\/\/www.bruno-sa.com\/wordpress\/wp-json\/wp\/v2\/pages\/78","targetHints":{"allow":["GET"]}}],"collection":[{"href":"https:\/\/www.bruno-sa.com\/wordpress\/wp-json\/wp\/v2\/pages"}],"about":[{"href":"https:\/\/www.bruno-sa.com\/wordpress\/wp-json\/wp\/v2\/types\/page"}],"author":[{"embeddable":true,"href":"https:\/\/www.bruno-sa.com\/wordpress\/wp-json\/wp\/v2\/users\/1"}],"replies":[{"embeddable":true,"href":"https:\/\/www.bruno-sa.com\/wordpress\/wp-json\/wp\/v2\/comments?post=78"}],"version-history":[{"count":11,"href":"https:\/\/www.bruno-sa.com\/wordpress\/wp-json\/wp\/v2\/pages\/78\/revisions"}],"predecessor-version":[{"id":429,"href":"https:\/\/www.bruno-sa.com\/wordpress\/wp-json\/wp\/v2\/pages\/78\/revisions\/429"}],"wp:attachment":[{"href":"https:\/\/www.bruno-sa.com\/wordpress\/wp-json\/wp\/v2\/media?parent=78"}],"curies":[{"name":"wp","href":"https:\/\/api.w.org\/{rel}","templated":true}]}}