{"id":87,"date":"2019-08-20T22:42:25","date_gmt":"2019-08-21T01:42:25","guid":{"rendered":"http:\/\/www.bruno-sa.com\/wordpress\/?page_id=87"},"modified":"2020-10-30T13:37:20","modified_gmt":"2020-10-30T16:37:20","slug":"automacao","status":"publish","type":"page","link":"https:\/\/www.bruno-sa.com\/wordpress\/automacao\/","title":{"rendered":"automa\u00e7\u00e3o \/ maker"},"content":{"rendered":"\n<p>Criar m\u00e9todos de trabalho mais \u00e1geis \u00e9 fundamental para a efici\u00eancia. Fiz projetos para automa\u00e7\u00e3o de luz, ar condicionado,&#8230;<\/p>\n\n\n\n<p>Outra fun\u00e7\u00e3o importante da automa\u00e7\u00e3o, \u00e9 o fluxo e troca de informa\u00e7\u00f5es entre equipes, que deve ser o mais integrado poss\u00edvel.<\/p>\n\n\n<div id=\"upl-list-151\" class=\"upl-list\">\n<nav role=\"navigation\" aria-label=\"Post List\">\n<ul>\n<li><div class=\"upl-post-thumbnail\"><a href=\"https:\/\/www.bruno-sa.com\/wordpress\/2020\/10\/30\/taskscheduler-arduino\/\"><img loading=\"lazy\" decoding=\"async\" width=\"150\" height=\"150\" src=\"https:\/\/www.bruno-sa.com\/wordpress\/wp-content\/uploads\/2020\/10\/taskscheduler_01-150x150.png\" class=\"attachment-thumbnail size-thumbnail wp-post-image\" alt=\"\" \/><\/a><\/div><div class=\"upl-post-title\"><a href=\"https:\/\/www.bruno-sa.com\/wordpress\/2020\/10\/30\/taskscheduler-arduino\/\">TaskScheduler Arduino<\/a><\/div><\/li>\n<li><div class=\"upl-post-thumbnail\"><a href=\"https:\/\/www.bruno-sa.com\/wordpress\/2020\/10\/30\/ipconfig-arduino\/\"><img loading=\"lazy\" decoding=\"async\" width=\"150\" height=\"150\" src=\"https:\/\/www.bruno-sa.com\/wordpress\/wp-content\/uploads\/2020\/10\/ipconfig_01-150x150.png\" class=\"attachment-thumbnail size-thumbnail wp-post-image\" alt=\"\" \/><\/a><\/div><div class=\"upl-post-title\"><a href=\"https:\/\/www.bruno-sa.com\/wordpress\/2020\/10\/30\/ipconfig-arduino\/\">IPconfig Arduino<\/a><\/div><\/li>\n<li><div class=\"upl-post-thumbnail\"><a href=\"https:\/\/www.bruno-sa.com\/wordpress\/2020\/02\/03\/bembos\/\"><img loading=\"lazy\" decoding=\"async\" width=\"150\" height=\"150\" src=\"https:\/\/www.bruno-sa.com\/wordpress\/wp-content\/uploads\/2020\/02\/bembosembalagem-150x150.png\" class=\"attachment-thumbnail size-thumbnail wp-post-image\" alt=\"\" \/><\/a><\/div><div class=\"upl-post-title\"><a href=\"https:\/\/www.bruno-sa.com\/wordpress\/2020\/02\/03\/bembos\/\">BEMBOS<\/a><\/div><\/li>\n<li><div class=\"upl-post-thumbnail\"><a href=\"https:\/\/www.bruno-sa.com\/wordpress\/2019\/04\/14\/automacao-para-cinema\/\"><img loading=\"lazy\" decoding=\"async\" width=\"150\" height=\"150\" src=\"https:\/\/www.bruno-sa.com\/wordpress\/wp-content\/uploads\/2019\/09\/img_3218-150x150.jpg\" class=\"attachment-thumbnail size-thumbnail wp-post-image\" alt=\"\" \/><\/a><\/div><div class=\"upl-post-title\"><a href=\"https:\/\/www.bruno-sa.com\/wordpress\/2019\/04\/14\/automacao-para-cinema\/\">Automa\u00e7\u00e3o para cinema<\/a><\/div><\/li>\n<li><div class=\"upl-post-thumbnail\"><a href=\"https:\/\/www.bruno-sa.com\/wordpress\/2007\/04\/14\/catalogo-festival-do-rio\/\"><img loading=\"lazy\" decoding=\"async\" width=\"150\" height=\"150\" src=\"https:\/\/www.bruno-sa.com\/wordpress\/wp-content\/uploads\/2007\/04\/sistemacatalogo-150x150.png\" class=\"attachment-thumbnail size-thumbnail wp-post-image\" alt=\"\" \/><\/a><\/div><div class=\"upl-post-title\"><a href=\"https:\/\/www.bruno-sa.com\/wordpress\/2007\/04\/14\/catalogo-festival-do-rio\/\">Automa\u00e7\u00e3o do Cat\u00e1logo Festival do Rio<\/a><\/div><\/li>\n<\/ul>\n<\/nav>\n<\/div>\n\n","protected":false},"excerpt":{"rendered":"<p>Criar m\u00e9todos de trabalho mais \u00e1geis \u00e9 fundamental para a efici\u00eancia. Fiz projetos para automa\u00e7\u00e3o de luz, ar condicionado,&#8230; Outra fun\u00e7\u00e3o importante da automa\u00e7\u00e3o, \u00e9 o fluxo e troca de informa\u00e7\u00f5es entre equipes, que deve ser o mais integrado poss\u00edvel.<\/p>\n","protected":false},"author":1,"featured_media":0,"parent":0,"menu_order":0,"comment_status":"closed","ping_status":"closed","template":"","meta":{"footnotes":""},"class_list":["post-87","page","type-page","status-publish","hentry"],"_links":{"self":[{"href":"https:\/\/www.bruno-sa.com\/wordpress\/wp-json\/wp\/v2\/pages\/87","targetHints":{"allow":["GET"]}}],"collection":[{"href":"https:\/\/www.bruno-sa.com\/wordpress\/wp-json\/wp\/v2\/pages"}],"about":[{"href":"https:\/\/www.bruno-sa.com\/wordpress\/wp-json\/wp\/v2\/types\/page"}],"author":[{"embeddable":true,"href":"https:\/\/www.bruno-sa.com\/wordpress\/wp-json\/wp\/v2\/users\/1"}],"replies":[{"embeddable":true,"href":"https:\/\/www.bruno-sa.com\/wordpress\/wp-json\/wp\/v2\/comments?post=87"}],"version-history":[{"count":10,"href":"https:\/\/www.bruno-sa.com\/wordpress\/wp-json\/wp\/v2\/pages\/87\/revisions"}],"predecessor-version":[{"id":376,"href":"https:\/\/www.bruno-sa.com\/wordpress\/wp-json\/wp\/v2\/pages\/87\/revisions\/376"}],"wp:attachment":[{"href":"https:\/\/www.bruno-sa.com\/wordpress\/wp-json\/wp\/v2\/media?parent=87"}],"curies":[{"name":"wp","href":"https:\/\/api.w.org\/{rel}","templated":true}]}}